{"id":15,"date":"2020-02-04T20:47:30","date_gmt":"2020-02-04T19:47:30","guid":{"rendered":"http:\/\/kpmslany.cz\/?page_id=15"},"modified":"2021-07-18T10:43:21","modified_gmt":"2021-07-18T08:43:21","slug":"kpm-kralovskeho-mesta-slany","status":"publish","type":"page","link":"https:\/\/kpmslany.cz\/","title":{"rendered":"KPM Kr\u00e1lovsk\u00e9ho m\u011bsta Slan\u00fd"},"content":{"rendered":"\n<p class=\"has-text-align-center\">Str\u00e1nky jsou v procesu tvorby<\/p>\n","protected":false},"excerpt":{"rendered":"<p>Str\u00e1nky jsou v procesu tvorby<\/p>\n","protected":false},"author":2,"featured_media":44,"parent":0,"menu_order":0,"comment_status":"closed","ping_status":"closed","template":"templates\/template-cover.php","meta":{"_monsterinsights_skip_tracking":false,"_monsterinsights_sitenote_active":false,"_monsterinsights_sitenote_note":"","_monsterinsights_sitenote_category":0},"_links":{"self":[{"href":"https:\/\/kpmslany.cz\/index.php\/wp-json\/wp\/v2\/pages\/15"}],"collection":[{"href":"https:\/\/kpmslany.cz\/index.php\/wp-json\/wp\/v2\/pages"}],"about":[{"href":"https:\/\/kpmslany.cz\/index.php\/wp-json\/wp\/v2\/types\/page"}],"author":[{"embeddable":true,"href":"https:\/\/kpmslany.cz\/index.php\/wp-json\/wp\/v2\/users\/2"}],"replies":[{"embeddable":true,"href":"https:\/\/kpmslany.cz\/index.php\/wp-json\/wp\/v2\/comments?post=15"}],"version-history":[{"count":7,"href":"https:\/\/kpmslany.cz\/index.php\/wp-json\/wp\/v2\/pages\/15\/revisions"}],"predecessor-version":[{"id":69,"href":"https:\/\/kpmslany.cz\/index.php\/wp-json\/wp\/v2\/pages\/15\/revisions\/69"}],"wp:featuredmedia":[{"embeddable":true,"href":"https:\/\/kpmslany.cz\/index.php\/wp-json\/wp\/v2\/media\/44"}],"wp:attachment":[{"href":"https:\/\/kpmslany.cz\/index.php\/wp-json\/wp\/v2\/media?parent=15"}],"curies":[{"name":"wp","href":"https:\/\/api.w.org\/{rel}","templated":true}]}}