{"id":46,"date":"2020-02-04T21:02:37","date_gmt":"2020-02-04T20:02:37","guid":{"rendered":"http:\/\/kpmslany.cz\/?page_id=46"},"modified":"2021-07-18T10:56:29","modified_gmt":"2021-07-18T08:56:29","slug":"clenove","status":"publish","type":"page","link":"http:\/\/kpmslany.cz\/index.php\/clenove\/","title":{"rendered":"\u010clenov\u00e9"},"content":{"rendered":"\n<div class=\"wp-block-group\"><div class=\"wp-block-group__inner-container\">\n<h4 class=\"has-text-align-center\">Seznamte se se \u010dleny na\u0161eho klubu<\/h4>\n\n\n\n<h3 class=\"has-text-align-center\"> Vladim\u00edr \u0160t\u011bp\u00e1nek <\/h3>\n\n\n\n<div class=\"wp-block-image\"><figure class=\"aligncenter size-large\"><img loading=\"lazy\" width=\"775\" height=\"1024\" src=\"http:\/\/kpmslany.cz\/wp-content\/uploads\/2020\/06\/DSC_3601-775x1024.jpg\" alt=\"\" class=\"wp-image-295\" srcset=\"http:\/\/kpmslany.cz\/wp-content\/uploads\/2020\/06\/DSC_3601-775x1024.jpg 775w, http:\/\/kpmslany.cz\/wp-content\/uploads\/2020\/06\/DSC_3601-227x300.jpg 227w, http:\/\/kpmslany.cz\/wp-content\/uploads\/2020\/06\/DSC_3601-768x1015.jpg 768w, http:\/\/kpmslany.cz\/wp-content\/uploads\/2020\/06\/DSC_3601-1162x1536.jpg 1162w, http:\/\/kpmslany.cz\/wp-content\/uploads\/2020\/06\/DSC_3601-1549x2048.jpg 1549w, http:\/\/kpmslany.cz\/wp-content\/uploads\/2020\/06\/DSC_3601-1200x1586.jpg 1200w, http:\/\/kpmslany.cz\/wp-content\/uploads\/2020\/06\/DSC_3601-1980x2617.jpg 1980w, http:\/\/kpmslany.cz\/wp-content\/uploads\/2020\/06\/DSC_3601-scaled.jpg 1937w\" sizes=\"(max-width: 775px) 100vw, 775px\" \/><\/figure><\/div>\n\n\n\n<div style=\"height:55px\" aria-hidden=\"true\" class=\"wp-block-spacer\"><\/div>\n<\/div><\/div>\n\n\n\n<div class=\"wp-block-group\"><div class=\"wp-block-group__inner-container\">\n<h3 class=\"has-text-align-center\">Lubo\u0161 Proch\u00e1zka<\/h3>\n\n\n\n<div class=\"wp-block-image\"><figure class=\"aligncenter size-large\"><img loading=\"lazy\" width=\"512\" height=\"512\" src=\"http:\/\/kpmslany.cz\/wp-content\/uploads\/2020\/02\/user.png\" alt=\"\" class=\"wp-image-65\" srcset=\"http:\/\/kpmslany.cz\/wp-content\/uploads\/2020\/02\/user.png 512w, http:\/\/kpmslany.cz\/wp-content\/uploads\/2020\/02\/user-300x300.png 300w, http:\/\/kpmslany.cz\/wp-content\/uploads\/2020\/02\/user-150x150.png 150w\" sizes=\"(max-width: 512px) 100vw, 512px\" \/><\/figure><\/div>\n\n\n\n<div style=\"height:55px\" aria-hidden=\"true\" class=\"wp-block-spacer\"><\/div>\n<\/div><\/div>\n\n\n\n<div class=\"wp-block-group\"><div class=\"wp-block-group__inner-container\">\n<h3 class=\"has-text-align-center has-primary-color has-text-color\"><a href=\"https:\/\/kpmslany.cz\/index.php\/tag\/michal-svandrlik-jr\">Michal \u0160vandrl\u00edk ml.<\/a><\/h3>\n\n\n\n<div class=\"wp-block-image\"><figure class=\"aligncenter size-large\"><img loading=\"lazy\" width=\"775\" height=\"1024\" src=\"http:\/\/kpmslany.cz\/wp-content\/uploads\/2020\/06\/DSC_3594-775x1024.jpg\" alt=\"\" class=\"wp-image-292\" srcset=\"http:\/\/kpmslany.cz\/wp-content\/uploads\/2020\/06\/DSC_3594-775x1024.jpg 775w, http:\/\/kpmslany.cz\/wp-content\/uploads\/2020\/06\/DSC_3594-227x300.jpg 227w, http:\/\/kpmslany.cz\/wp-content\/uploads\/2020\/06\/DSC_3594-768x1015.jpg 768w, http:\/\/kpmslany.cz\/wp-content\/uploads\/2020\/06\/DSC_3594-1162x1536.jpg 1162w, http:\/\/kpmslany.cz\/wp-content\/uploads\/2020\/06\/DSC_3594-1549x2048.jpg 1549w, http:\/\/kpmslany.cz\/wp-content\/uploads\/2020\/06\/DSC_3594-1200x1586.jpg 1200w, http:\/\/kpmslany.cz\/wp-content\/uploads\/2020\/06\/DSC_3594-1980x2617.jpg 1980w, http:\/\/kpmslany.cz\/wp-content\/uploads\/2020\/06\/DSC_3594-scaled.jpg 1937w\" sizes=\"(max-width: 775px) 100vw, 775px\" \/><\/figure><\/div>\n\n\n\n<div style=\"height:55px\" aria-hidden=\"true\" class=\"wp-block-spacer\"><\/div>\n<\/div><\/div>\n\n\n\n<div class=\"wp-block-group\"><div class=\"wp-block-group__inner-container\">\n<h3 class=\"has-text-align-center has-primary-color has-text-color\"><a href=\"https:\/\/kpmslany.cz\/index.php\/tag\/michal-svandrlik-st\">Michal \u0160vandrl\u00edk st.<\/a><\/h3>\n\n\n\n<div class=\"wp-block-image\"><figure class=\"aligncenter size-large\"><img loading=\"lazy\" width=\"777\" height=\"1024\" src=\"http:\/\/kpmslany.cz\/wp-content\/uploads\/2020\/06\/DSC_3651-777x1024.jpg\" alt=\"\" class=\"wp-image-300\" srcset=\"http:\/\/kpmslany.cz\/wp-content\/uploads\/2020\/06\/DSC_3651-777x1024.jpg 777w, http:\/\/kpmslany.cz\/wp-content\/uploads\/2020\/06\/DSC_3651-228x300.jpg 228w, http:\/\/kpmslany.cz\/wp-content\/uploads\/2020\/06\/DSC_3651-768x1012.jpg 768w, http:\/\/kpmslany.cz\/wp-content\/uploads\/2020\/06\/DSC_3651-1165x1536.jpg 1165w, http:\/\/kpmslany.cz\/wp-content\/uploads\/2020\/06\/DSC_3651-1554x2048.jpg 1554w, http:\/\/kpmslany.cz\/wp-content\/uploads\/2020\/06\/DSC_3651-1200x1582.jpg 1200w, http:\/\/kpmslany.cz\/wp-content\/uploads\/2020\/06\/DSC_3651-1980x2610.jpg 1980w, http:\/\/kpmslany.cz\/wp-content\/uploads\/2020\/06\/DSC_3651-scaled.jpg 1942w\" sizes=\"(max-width: 777px) 100vw, 777px\" \/><\/figure><\/div>\n\n\n\n<div style=\"height:55px\" aria-hidden=\"true\" class=\"wp-block-spacer\"><\/div>\n<\/div><\/div>\n\n\n\n<div class=\"wp-block-group\"><div class=\"wp-block-group__inner-container\">\n<h3 class=\"has-text-align-center has-primary-color has-text-color\"><a href=\"https:\/\/kpmslany.cz\/index.php\/tag\/radim-duka\">Radim Duka<\/a><\/h3>\n\n\n\n<div class=\"wp-block-image\"><figure class=\"aligncenter size-large\"><img loading=\"lazy\" width=\"781\" height=\"1024\" src=\"http:\/\/kpmslany.cz\/wp-content\/uploads\/2020\/06\/DSC_3597-781x1024.jpg\" alt=\"\" class=\"wp-image-294\" srcset=\"http:\/\/kpmslany.cz\/wp-content\/uploads\/2020\/06\/DSC_3597-781x1024.jpg 781w, http:\/\/kpmslany.cz\/wp-content\/uploads\/2020\/06\/DSC_3597-229x300.jpg 229w, http:\/\/kpmslany.cz\/wp-content\/uploads\/2020\/06\/DSC_3597-768x1007.jpg 768w, http:\/\/kpmslany.cz\/wp-content\/uploads\/2020\/06\/DSC_3597-1171x1536.jpg 1171w, http:\/\/kpmslany.cz\/wp-content\/uploads\/2020\/06\/DSC_3597-1561x2048.jpg 1561w, http:\/\/kpmslany.cz\/wp-content\/uploads\/2020\/06\/DSC_3597-1200x1574.jpg 1200w, http:\/\/kpmslany.cz\/wp-content\/uploads\/2020\/06\/DSC_3597-1980x2597.jpg 1980w, http:\/\/kpmslany.cz\/wp-content\/uploads\/2020\/06\/DSC_3597-scaled.jpg 1952w\" sizes=\"(max-width: 781px) 100vw, 781px\" \/><\/figure><\/div>\n\n\n\n<div style=\"height:55px\" aria-hidden=\"true\" class=\"wp-block-spacer\"><\/div>\n<\/div><\/div>\n\n\n\n<div class=\"wp-block-group\"><div class=\"wp-block-group__inner-container\">\n<h3 class=\"has-text-align-center has-primary-color has-text-color\"><a href=\"https:\/\/kpmslany.cz\/index.php\/tag\/jonas-herold\">Jon\u00e1\u0161 Herold<\/a><\/h3>\n\n\n\n<div class=\"wp-block-image\"><figure class=\"aligncenter size-large\"><img loading=\"lazy\" width=\"777\" height=\"1024\" src=\"http:\/\/kpmslany.cz\/wp-content\/uploads\/2020\/06\/DSC_3603-777x1024.jpg\" alt=\"\" class=\"wp-image-296\" srcset=\"http:\/\/kpmslany.cz\/wp-content\/uploads\/2020\/06\/DSC_3603-777x1024.jpg 777w, http:\/\/kpmslany.cz\/wp-content\/uploads\/2020\/06\/DSC_3603-228x300.jpg 228w, http:\/\/kpmslany.cz\/wp-content\/uploads\/2020\/06\/DSC_3603-768x1012.jpg 768w, http:\/\/kpmslany.cz\/wp-content\/uploads\/2020\/06\/DSC_3603-1165x1536.jpg 1165w, http:\/\/kpmslany.cz\/wp-content\/uploads\/2020\/06\/DSC_3603-1554x2048.jpg 1554w, http:\/\/kpmslany.cz\/wp-content\/uploads\/2020\/06\/DSC_3603-1200x1582.jpg 1200w, http:\/\/kpmslany.cz\/wp-content\/uploads\/2020\/06\/DSC_3603-1980x2610.jpg 1980w, http:\/\/kpmslany.cz\/wp-content\/uploads\/2020\/06\/DSC_3603-scaled.jpg 1942w\" sizes=\"(max-width: 777px) 100vw, 777px\" \/><\/figure><\/div>\n\n\n\n<div style=\"height:55px\" aria-hidden=\"true\" class=\"wp-block-spacer\"><\/div>\n<\/div><\/div>\n\n\n\n<div class=\"wp-block-group\"><div class=\"wp-block-group__inner-container\">\n<h3 class=\"has-text-align-center\"><a href=\"http:\/\/kpmslany.cz\/index.php\/tag\/ales_pflegr\/\">Ale\u0161 Pflegr<\/a><\/h3>\n\n\n\n<div class=\"wp-block-image\"><figure class=\"aligncenter size-large\"><img loading=\"lazy\" width=\"512\" height=\"512\" src=\"http:\/\/kpmslany.cz\/wp-content\/uploads\/2020\/02\/user.png\" alt=\"\" class=\"wp-image-65\" srcset=\"http:\/\/kpmslany.cz\/wp-content\/uploads\/2020\/02\/user.png 512w, http:\/\/kpmslany.cz\/wp-content\/uploads\/2020\/02\/user-300x300.png 300w, http:\/\/kpmslany.cz\/wp-content\/uploads\/2020\/02\/user-150x150.png 150w\" sizes=\"(max-width: 512px) 100vw, 512px\" \/><\/figure><\/div>\n\n\n\n<div style=\"height:55px\" aria-hidden=\"true\" class=\"wp-block-spacer\"><\/div>\n<\/div><\/div>\n\n\n\n<div class=\"wp-block-group\"><div class=\"wp-block-group__inner-container\">\n<h3 class=\"has-text-align-center\"><a href=\"https:\/\/kpmslany.cz\/index.php\/tag\/jiri-hadrava\" data-type=\"page\">Ji\u0159\u00ed Hadrava<\/a><\/h3>\n\n\n\n<div class=\"wp-block-image\"><figure class=\"aligncenter size-large\"><img loading=\"lazy\" width=\"772\" height=\"1024\" src=\"http:\/\/kpmslany.cz\/wp-content\/uploads\/2020\/06\/DSC_3595-772x1024.jpg\" alt=\"\" class=\"wp-image-293\" srcset=\"http:\/\/kpmslany.cz\/wp-content\/uploads\/2020\/06\/DSC_3595-772x1024.jpg 772w, http:\/\/kpmslany.cz\/wp-content\/uploads\/2020\/06\/DSC_3595-226x300.jpg 226w, http:\/\/kpmslany.cz\/wp-content\/uploads\/2020\/06\/DSC_3595-768x1018.jpg 768w, http:\/\/kpmslany.cz\/wp-content\/uploads\/2020\/06\/DSC_3595-1159x1536.jpg 1159w, http:\/\/kpmslany.cz\/wp-content\/uploads\/2020\/06\/DSC_3595-1545x2048.jpg 1545w, http:\/\/kpmslany.cz\/wp-content\/uploads\/2020\/06\/DSC_3595-1200x1591.jpg 1200w, http:\/\/kpmslany.cz\/wp-content\/uploads\/2020\/06\/DSC_3595-1980x2625.jpg 1980w, http:\/\/kpmslany.cz\/wp-content\/uploads\/2020\/06\/DSC_3595-scaled.jpg 1931w\" sizes=\"(max-width: 772px) 100vw, 772px\" \/><\/figure><\/div>\n\n\n\n<div style=\"height:55px\" aria-hidden=\"true\" class=\"wp-block-spacer\"><\/div>\n<\/div><\/div>\n\n\n\n<div class=\"wp-block-group\"><div class=\"wp-block-group__inner-container\">\n<h3 class=\"has-text-align-center\">Radovan Kiml<\/h3>\n\n\n\n<div class=\"wp-block-image\"><figure class=\"aligncenter size-large\"><img loading=\"lazy\" width=\"786\" height=\"1024\" src=\"http:\/\/kpmslany.cz\/wp-content\/uploads\/2020\/06\/DSC_3607-786x1024.jpg\" alt=\"\" class=\"wp-image-297\" srcset=\"http:\/\/kpmslany.cz\/wp-content\/uploads\/2020\/06\/DSC_3607-786x1024.jpg 786w, http:\/\/kpmslany.cz\/wp-content\/uploads\/2020\/06\/DSC_3607-230x300.jpg 230w, http:\/\/kpmslany.cz\/wp-content\/uploads\/2020\/06\/DSC_3607-768x1001.jpg 768w, http:\/\/kpmslany.cz\/wp-content\/uploads\/2020\/06\/DSC_3607-1178x1536.jpg 1178w, http:\/\/kpmslany.cz\/wp-content\/uploads\/2020\/06\/DSC_3607-1571x2048.jpg 1571w, http:\/\/kpmslany.cz\/wp-content\/uploads\/2020\/06\/DSC_3607-1200x1564.jpg 1200w, http:\/\/kpmslany.cz\/wp-content\/uploads\/2020\/06\/DSC_3607-1980x2581.jpg 1980w, http:\/\/kpmslany.cz\/wp-content\/uploads\/2020\/06\/DSC_3607-scaled.jpg 1964w\" sizes=\"(max-width: 786px) 100vw, 786px\" \/><\/figure><\/div>\n\n\n\n<div style=\"height:55px\" aria-hidden=\"true\" class=\"wp-block-spacer\"><\/div>\n<\/div><\/div>\n\n\n<p><!--EndFragment--><\/p>\n\n\n<div class=\"wp-block-group\"><div class=\"wp-block-group__inner-container\">\n<h3 class=\"has-text-align-center\"><a href=\"http:\/\/kpmslany.cz\/index.php\/tag\/marek-duka\/\">Marek Duka<\/a><\/h3>\n\n\n\n<div class=\"wp-block-image\"><figure class=\"aligncenter size-large\"><img loading=\"lazy\" width=\"777\" height=\"1024\" src=\"http:\/\/kpmslany.cz\/wp-content\/uploads\/2020\/06\/DSC_3609-777x1024.jpg\" alt=\"\" class=\"wp-image-298\" srcset=\"http:\/\/kpmslany.cz\/wp-content\/uploads\/2020\/06\/DSC_3609-777x1024.jpg 777w, http:\/\/kpmslany.cz\/wp-content\/uploads\/2020\/06\/DSC_3609-228x300.jpg 228w, http:\/\/kpmslany.cz\/wp-content\/uploads\/2020\/06\/DSC_3609-768x1012.jpg 768w, http:\/\/kpmslany.cz\/wp-content\/uploads\/2020\/06\/DSC_3609-1165x1536.jpg 1165w, http:\/\/kpmslany.cz\/wp-content\/uploads\/2020\/06\/DSC_3609-1554x2048.jpg 1554w, http:\/\/kpmslany.cz\/wp-content\/uploads\/2020\/06\/DSC_3609-1200x1582.jpg 1200w, http:\/\/kpmslany.cz\/wp-content\/uploads\/2020\/06\/DSC_3609-1980x2610.jpg 1980w, http:\/\/kpmslany.cz\/wp-content\/uploads\/2020\/06\/DSC_3609-scaled.jpg 1942w\" sizes=\"(max-width: 777px) 100vw, 777px\" \/><\/figure><\/div>\n\n\n\n<div style=\"height:55px\" aria-hidden=\"true\" class=\"wp-block-spacer\"><\/div>\n<\/div><\/div>\n\n\n\n<div class=\"wp-block-group\"><div class=\"wp-block-group__inner-container\">\n<h3 class=\"has-text-align-center\"><a href=\"http:\/\/kpmslany.cz\/index.php\/tag\/vaclav_bejcek\/\" data-type=\"URL\" data-id=\"http:\/\/kpmslany.cz\/index.php\/tag\/vaclav_bejcek\/\">V\u00e1clav Bej\u010dek<\/a><\/h3>\n\n\n\n<div class=\"wp-block-image\"><figure class=\"aligncenter size-large\"><img loading=\"lazy\" width=\"779\" height=\"1024\" src=\"http:\/\/kpmslany.cz\/wp-content\/uploads\/2020\/06\/DSC_3615-779x1024.jpg\" alt=\"\" class=\"wp-image-299\" srcset=\"http:\/\/kpmslany.cz\/wp-content\/uploads\/2020\/06\/DSC_3615-779x1024.jpg 779w, http:\/\/kpmslany.cz\/wp-content\/uploads\/2020\/06\/DSC_3615-228x300.jpg 228w, http:\/\/kpmslany.cz\/wp-content\/uploads\/2020\/06\/DSC_3615-768x1009.jpg 768w, http:\/\/kpmslany.cz\/wp-content\/uploads\/2020\/06\/DSC_3615-1169x1536.jpg 1169w, http:\/\/kpmslany.cz\/wp-content\/uploads\/2020\/06\/DSC_3615-1558x2048.jpg 1558w, http:\/\/kpmslany.cz\/wp-content\/uploads\/2020\/06\/DSC_3615-1200x1577.jpg 1200w, http:\/\/kpmslany.cz\/wp-content\/uploads\/2020\/06\/DSC_3615-1980x2603.jpg 1980w, http:\/\/kpmslany.cz\/wp-content\/uploads\/2020\/06\/DSC_3615-scaled.jpg 1948w\" sizes=\"(max-width: 779px) 100vw, 779px\" \/><\/figure><\/div>\n\n\n\n<div style=\"height:55px\" aria-hidden=\"true\" class=\"wp-block-spacer\"><\/div>\n<\/div><\/div>\n","protected":false},"excerpt":{"rendered":"","protected":false},"author":2,"featured_media":0,"parent":0,"menu_order":0,"comment_status":"closed","ping_status":"closed","template":"","meta":{"_monsterinsights_skip_tracking":false,"_monsterinsights_sitenote_active":false,"_monsterinsights_sitenote_note":"","_monsterinsights_sitenote_category":0},"_links":{"self":[{"href":"http:\/\/kpmslany.cz\/index.php\/wp-json\/wp\/v2\/pages\/46"}],"collection":[{"href":"http:\/\/kpmslany.cz\/index.php\/wp-json\/wp\/v2\/pages"}],"about":[{"href":"http:\/\/kpmslany.cz\/index.php\/wp-json\/wp\/v2\/types\/page"}],"author":[{"embeddable":true,"href":"http:\/\/kpmslany.cz\/index.php\/wp-json\/wp\/v2\/users\/2"}],"replies":[{"embeddable":true,"href":"http:\/\/kpmslany.cz\/index.php\/wp-json\/wp\/v2\/comments?post=46"}],"version-history":[{"count":25,"href":"http:\/\/kpmslany.cz\/index.php\/wp-json\/wp\/v2\/pages\/46\/revisions"}],"predecessor-version":[{"id":445,"href":"http:\/\/kpmslany.cz\/index.php\/wp-json\/wp\/v2\/pages\/46\/revisions\/445"}],"wp:attachment":[{"href":"http:\/\/kpmslany.cz\/index.php\/wp-json\/wp\/v2\/media?parent=46"}],"curies":[{"name":"wp","href":"https:\/\/api.w.org\/{rel}","templated":true}]}}